{"id":515,"date":"2023-07-07T15:02:09","date_gmt":"2023-07-07T13:02:09","guid":{"rendered":"https:\/\/www.ifec-occitanie.fr\/?page_id=515"},"modified":"2023-07-07T15:27:44","modified_gmt":"2023-07-07T13:27:44","slug":"mentions-legales","status":"publish","type":"page","link":"https:\/\/www.ifec-occitanie.fr\/index.php\/mentions-legales\/","title":{"rendered":"Mentions l\u00e9gales"},"content":{"rendered":"<style>\/*! elementor - v3.14.0 - 26-06-2023 *\/<br \/>\n.elementor-heading-title{padding:0;margin:0;line-height:1}.elementor-widget-heading .elementor-heading-title[class*=elementor-size-]>a{color:inherit;font-size:inherit;line-height:inherit}.elementor-widget-heading .elementor-heading-title.elementor-size-small{font-size:15px}.elementor-widget-heading .elementor-heading-title.elementor-size-medium{font-size:19px}.elementor-widget-heading .elementor-heading-title.elementor-size-large{font-size:29px}.elementor-widget-heading .elementor-heading-title.elementor-size-xl{font-size:39px}.elementor-widget-heading .elementor-heading-title.elementor-size-xxl{font-size:59px}<\/style>\n<h4>MENTIONS LEGALES<\/h4>\n<h4>IDENTIFICATION<\/h4>\n<style>\/*! elementor - v3.14.0 - 26-06-2023 *\/<br \/>\n.elementor-widget-divider{--divider-border-style:none;--divider-border-width:1px;--divider-color:#0c0d0e;--divider-icon-size:20px;--divider-element-spacing:10px;--divider-pattern-height:24px;--divider-pattern-size:20px;--divider-pattern-url:none;--divider-pattern-repeat:repeat-x}.elementor-widget-divider .elementor-divider{display:flex}.elementor-widget-divider .elementor-divider__text{font-size:15px;line-height:1;max-width:95%}.elementor-widget-divider .elementor-divider__element{margin:0 var(--divider-element-spacing);flex-shrink:0}.elementor-widget-divider .elementor-icon{font-size:var(--divider-icon-size)}.elementor-widget-divider .elementor-divider-separator{display:flex;margin:0;direction:ltr}.elementor-widget-divider--view-line_icon .elementor-divider-separator,.elementor-widget-divider--view-line_text .elementor-divider-separator{align-items:center}.elementor-widget-divider--view-line_icon .elementor-divider-separator:after,.elementor-widget-divider--view-line_icon .elementor-divider-separator:before,.elementor-widget-divider--view-line_text .elementor-divider-separator:after,.elementor-widget-divider--view-line_text .elementor-divider-separator:before{display:block;content:\"\";border-bottom:0;flex-grow:1;border-top:var(--divider-border-width) var(--divider-border-style) var(--divider-color)}.elementor-widget-divider--element-align-left .elementor-divider .elementor-divider-separator>.elementor-divider__svg:first-of-type{flex-grow:0;flex-shrink:100}.elementor-widget-divider--element-align-left .elementor-divider-separator:before{content:none}.elementor-widget-divider--element-align-left .elementor-divider__element{margin-left:0}.elementor-widget-divider--element-align-right .elementor-divider .elementor-divider-separator>.elementor-divider__svg:last-of-type{flex-grow:0;flex-shrink:100}.elementor-widget-divider--element-align-right .elementor-divider-separator:after{content:none}.elementor-widget-divider--element-align-right .elementor-divider__element{margin-right:0}.elementor-widget-divider:not(.elementor-widget-divider--view-line_text):not(.elementor-widget-divider--view-line_icon) .elementor-divider-separator{border-top:var(--divider-border-width) var(--divider-border-style) var(--divider-color)}.elementor-widget-divider--separator-type-pattern{--divider-border-style:none}.elementor-widget-divider--separator-type-pattern.elementor-widget-divider--view-line .elementor-divider-separator,.elementor-widget-divider--separator-type-pattern:not(.elementor-widget-divider--view-line) .elementor-divider-separator:after,.elementor-widget-divider--separator-type-pattern:not(.elementor-widget-divider--view-line) .elementor-divider-separator:before,.elementor-widget-divider--separator-type-pattern:not([class*=elementor-widget-divider--view]) .elementor-divider-separator{width:100%;min-height:var(--divider-pattern-height);-webkit-mask-size:var(--divider-pattern-size) 100%;mask-size:var(--divider-pattern-size) 100%;-webkit-mask-repeat:var(--divider-pattern-repeat);mask-repeat:var(--divider-pattern-repeat);background-color:var(--divider-color);-webkit-mask-image:var(--divider-pattern-url);mask-image:var(--divider-pattern-url)}.elementor-widget-divider--no-spacing{--divider-pattern-size:auto}.elementor-widget-divider--bg-round{--divider-pattern-repeat:round}.rtl .elementor-widget-divider .elementor-divider__text{direction:rtl}.e-con-inner>.elementor-widget-divider,.e-con>.elementor-widget-divider{width:var(--container-widget-width,100%);--flex-grow:var(--container-widget-flex-grow)}<\/style>\n<p>Le site http:\/\/www.ifec-idf.fr est \u00e9dit\u00e9 par L\u2019IFEC, (Institut Fran\u00e7ais des Experts-comptables et des Commissaires aux comptes), association syndicale r\u00e9gie par la loi du 25 f\u00e9vrier 1927, fond\u00e9e le 2 mai 1962, enregistr\u00e9 \u00e0 la Pr\u00e9fecture de la Seine le 30 septembre 1963 sous le n\u00b0 13310, sise 139 rue du Faubourg Saint-honor\u00e9 75008 Paris<br \/>\nTel : 01.42.56.49.67.<\/p>\n<p>Le Directeur de la publication Monsieur Christophe Priem, Pr\u00e9sident national de l\u2019IFEC.<br \/>\nL\u2019h\u00e9bergement du site de l\u2019IFOR est assur\u00e9 par la soci\u00e9t\u00e9 OVH : SAS au capital de 10 000 000 \u20ac \u2013 RCS Roubaix \u2013 Tourcoing 424 761 419 00045 2 rue Kellermann 59100 Roubaix \u2013 France.<\/p>\n<h4>Donn\u00e9es \u00e0 caract\u00e8re personnel<\/h4>\n<p>Conform\u00e9ment \u00e0 la loi n\u00b078-17 dite \u00ab Informatique et Libert\u00e9s \u00bb du 6 janvier 1978 modifi\u00e9e, les traitements mis en \u0153uvre par une association ou tout autre organisme \u00e0 but non lucratif et \u00e0 caract\u00e8re syndical dans les conditions d\u00e9finies \u00e0 l\u2019article 8.II-3\u00b0 de la loi du 6 janvier 1978 sont dispens\u00e9s de toute formalit\u00e9 d\u00e9clarative pr\u00e9alable aupr\u00e8s de la CNIL en application de l\u2019article 22.II-2\u00b0 de la m\u00eame loi.L\u2019IFEC a toutefois proc\u00e9d\u00e9 \u00e0 une d\u00e9claration de conformit\u00e9 \u00e0 la norme simplifi\u00e9e n\u00b048 \u00e9tablie par la CNIL lors de sa D\u00e9lib\u00e9ration n\u00b02005-112 du 7 juin 2005, et portant cr\u00e9ation d\u2019une norme simplifi\u00e9e concernant les traitements automatis\u00e9s de donn\u00e9es \u00e0 caract\u00e8re personnel relatifs \u00e0 la gestion des fichiers de clients et de prospects et portant abrogation des normes simplifi\u00e9es 11, 17 et 25). &nbsp;<\/p>\n<h4>Finalit\u00e9s des traitements<\/h4>\n<p>Le site de l\u2019IFEC ILE DE FRANCE met en \u0153uvre plusieurs traitements de donn\u00e9es \u00e0 caract\u00e8re personnel ayant pour finalit\u00e9 d\u2019assurer la communication et l\u2019\u00e9change d\u2019informations avec les internautes. Ces traitements permettent \u00e0 l\u2019IFEC&nbsp;ILE DE FRANCE<\/p>\n<p>\u2013 de r\u00e9pondre aux demandes \u00e9crites des internautes sur les formulaires du site ;<\/p>\n<p>\u00b7 \u2013 de mesurer l\u2019audience du site. Les donn\u00e9es recueillies sur le site de IFEC&nbsp;ILE DE FRANCE&nbsp;proviennent de l\u2019enregistrement volontaire par les internautes d\u2019une adresse de courrier \u00e9lectronique et\/ou de donn\u00e9es \u00e0 caract\u00e8re personnel permettant de b\u00e9n\u00e9ficier de certaines fonctionnalit\u00e9s du site r\u00e9serv\u00e9es aux adh\u00e9rents, \u00e0 l\u2019exception toutefois des adresses stock\u00e9es automatiquement dans nos bases de donn\u00e9es et cel\u00e0 pour une dur\u00e9e de sept jours.<\/p>\n<h4>Destinataires des donn\u00e9es collect\u00e9es<\/h4>\n<p>Les donn\u00e9es collect\u00e9es sur le formulaire de contact accessible depuis l\u2019espace public du site sont destin\u00e9es exclusivement aux personnes responsables du traitement de votre demande au sein de l\u2019IFEC ILE DE FRANCE. Les donn\u00e9es collect\u00e9es par l\u2019interm\u00e9diaire du formulaire accessible depuis l\u2019espace adh\u00e9rent sont destin\u00e9es \u00e0 l\u2019usage exclusif du service adh\u00e9rent de l\u2019IFEC. Les donn\u00e9es collect\u00e9es sur le formulaire de l\u2019espace juridique sont destin\u00e9es \u00e0 l\u2019usage exclusif du service juridique de l\u2019IFEC. Les donn\u00e9es collect\u00e9es sur les formulaires de commande de documentations et de formations sont destin\u00e9es exclusivement aux services concern\u00e9s de l\u2019IFEC (services comptabilit\u00e9, formation, publication de l\u2019IFEC). Les donn\u00e9es collect\u00e9es sur les forums de discussion sont destin\u00e9es \u00e0 l\u2019usage exclusif du responsable technique du site.Les donn\u00e9es \u00e0 caract\u00e8re personnel collect\u00e9es par l\u2019IFEC ILE DE FRANCE par l\u2019interm\u00e9diaire de son site sont \u00e0 usage purement interne, et ne font l\u2019objet d\u2019aucune communication, cession ou divulgation \u00e0 des tiers.<\/p>\n<h4> Dur\u00e9e de conservation des donn\u00e9es<\/h4>\n<p>L\u2019IFEC conserve les donn\u00e9es \u00e0 caract\u00e8re personnelles collect\u00e9es sur l\u2019ensemble des formulaires du site pendant une p\u00e9riode de 10 ans \u00e0 l\u2019exception toutefois des donn\u00e9es prospects qui ne peuvent \u00eatre conserv\u00e9es que pour la dur\u00e9e pendant laquelle elles sont n\u00e9cessaires \u00e0 la r\u00e9alisation des op\u00e9rations de prospection, c\u2019est-\u00e0-dire au maximum un an apr\u00e8s le dernier contact de leur part ou lorsqu\u2019ils n\u2019ont pas r\u00e9pondu \u00e0 deux sollicitations successives.<\/p>\n<h4> Propri\u00e9t\u00e9 Intellectuelle<\/h4>\n<p>La Charte graphique, les squelettes ou gabarits utilis\u00e9s sur le site de l\u2019IFEC sont soumis \u00e0 la l\u00e9gislation en vigueur et prot\u00e9g\u00e9s par le droit d\u2019auteur, et demeurent la propri\u00e9t\u00e9 exclusive de l\u2019IFEC.Les contenus du site sont soumis \u00e0 la l\u00e9gislation en vigueur sur les droits d\u2019auteur et sont la propri\u00e9t\u00e9 exclusive de l\u2019IFEC. Toute reproduction et rediffusion de tout ou partie de ces contenus sont soumises \u00e0 l\u2019autorisation pr\u00e9alable, \u00e9crite et expresse de l\u2019IFEC. Toute utilisation ou reproduction, m\u00eame partielle, d\u2019un des \u00e9l\u00e9ments du site \u00e0 l\u2019int\u00e9rieur d\u2019un site tiers par le biais de proc\u00e9d\u00e9s dits d\u2019inclusion, de cadres (frames), d\u2019inlining ou de tout autre proc\u00e9d\u00e9 de nature similaire sont formellement interdits.<\/p>\n<h4>Cookies de navigation<\/h4>\n<p>L\u2019IFEC souhaite implanter un cookie dans votre ordinateur. Un cookie ne permet pas de vous identifier; en revanche, il enregistre des informations relatives \u00e0 la navigation de votre ordinateur sur notre site (les pages que vous avez consult\u00e9es, la date et l\u2019heure de la consultation, etc.\u2026) que nous pourrons lire lors de vos visites ult\u00e9rieures. Ces fichiers ont pour seule fonction de simplifier votre acc\u00e8s en supprimant la phase de saisie de votre identifiant et de votre mot de passe notamment.<br \/>\nLa dur\u00e9e de conservation de ces informations dans votre ordinateur est de trois semaines.Nous vous informons que vous pouvez vous opposer \u00e0 l\u2019enregistrement de cookies en configurant votre navigateur de la mani\u00e8re suivante :<\/p>\n<p>Pour Microsoft Internet Explorer 6.0 :<br \/>\n1. choisissez le menu \u00ab Outils \u00bb (ou \u00ab Tools \u00bb), puis \u00ab Options Internet \u00bb (ou \u00ab Internet Options \u00bb).<br \/>\n2. cliquez sur l\u2019onglet \u00ab Confidentialit\u00e9 \u00bb (ou \u00ab Confidentiality \u00bb)<br \/>\n3. s\u00e9lectionnez le niveau souhait\u00e9 \u00e0 l\u2019aide du curseur.<\/p>\n<p>Pour Microsoft Internet Explorer 5 :<br \/>\n1. choisissez le menu \u00ab Outils \u00bb (ou \u00ab Tools \u00bb), puis \u00ab Options Internet \u00bb (ou \u00ab Internet Options \u00bb).<br \/>\n2. cliquez sur l\u2019onglet \u00ab S\u00e9curit\u00e9 \u00bb (ou \u00ab Security \u00bb)<br \/>\n3. s\u00e9lectionnez \u00ab Internet \u00bb puis \u00ab Personnaliser le niveau \u00bb (ou \u00ab CustomLevel \u00bb)<br \/>\n4. rep\u00e9rez la rubrique \u00ab cookies \u00bb et choisissez l\u2019option qui vous convient<\/p>\n<p>Pour Netscape 6.X et 7. X :<br \/>\n1. choisissez le menu \u00ab Edition \u00bb&gt; \u00bbPr\u00e9f\u00e9rences \u00bb<br \/>\n2. Confidentialit\u00e9 et S\u00e9curit\u00e93. Cookies<br \/>\nPour Firefox :1. choisissez le menu \u00ab Outils \u00bb&gt; \u00bbOptions \u00bb2. cliquez sur l\u2019option \u00ab Vie priv\u00e9e \u00bb<br \/>\n3. rubrique \u00ab Cookies \u00bb<\/p>\n<p>Pour Op\u00e9ra 6.0 et au-del\u00e0 :<br \/>\n1. choisissez le menu \u00ab Fichier \u00bb&gt; \u00bbPr\u00e9f\u00e9rences \u00bb<br \/>\n2. Vie Priv\u00e9e<\/p>\n<h4>Droit d\u2019acc\u00e8s, de modification et de suppression<\/h4>\n<p>Vous disposez, conform\u00e9ment \u00e0 la loi n\u00b078-17 dite \u00ab Informatique et Libert\u00e9s \u00bb du 6 janvier 1978, d\u2019un droit d\u2019acc\u00e8s, de rectification, de modification, d\u2019opposition et de suppression sur les donn\u00e9es vous concernant. Vous pouvez exercer ce droit en nous contactant par l\u2019interm\u00e9diaire de notre formulaire de contact, ou en adressant un courrier \u00e0 :&nbsp;<\/p>\n<p>IFEC, 139 rue du Faubourg Saint-honor\u00e9 75008 Paris.<\/p>\n<h4>Liens Hypertextes<\/h4>\n<p>Tous les liens vers la page d\u2019accueil ou l\u2019une des pages Internet du site peuvent \u00eatre librement \u00e9tablis d\u00e8s lors qu\u2019ils ne sont pas utilis\u00e9s \u00e0 des fins commerciales ou publicitaires, et sous r\u00e9serve qu\u2019une mention \u00e9voquant l\u2019IFEC soit indiqu\u00e9e clairement sur le lien ou \u00e0 proximit\u00e9 de celui-ci. Cette autorisation ne s\u2019applique pas aux sites Internet diffusant des informations \u00e0 caract\u00e8re illicite, violent, pol\u00e9mique, pornographique, x\u00e9nophobe ou pouvant porter atteinte \u00e0 la sensibilit\u00e9 du plus grand nombre.Tous les liens directs ou profonds vers un document autre qu\u2019une page Internet, nonobstant leur forme ou leur contenu, sont interdits, sauf autorisation expresse des \u00e9diteurs du site portail.<\/p>\n<h4>Responsabilit\u00e9<\/h4>\n<p><main id=\"content\"><\/p>\n<p>L\u2019IFEC ne saurait \u00eatre tenu pour responsable des erreurs ou omissions dans les informations diffus\u00e9es ou des probl\u00e8mes techniques rencontr\u00e9s sur le site et sur tous les autres sites vers lesquels des liens sont \u00e9tablis, ou de toute interpr\u00e9tation des informations publi\u00e9es sur ces sites, ainsi que des cons\u00e9quences de leur utilisation.<\/p>\n<p>Les contenus du site peuvent comporter des inexactitudes techniques, erreurs typographiques ou omissions, et peuvent \u00eatre modifi\u00e9s ou mis \u00e0 jour sans pr\u00e9avis.<\/p>\n<p>&nbsp;<\/p>\n<p><\/main><\/p>\n<section data-id=\"dee8935\" data-element_type=\"section\">&nbsp;<\/section>\n","protected":false},"excerpt":{"rendered":"<p>MENTIONS LEGALES IDENTIFICATION Le site http:\/\/www.ifec-idf.fr est \u00e9dit\u00e9 par L\u2019IFEC, (Institut Fran\u00e7ais des Experts-comptables et des Commissaires aux comptes), association&hellip; <\/p>\n","protected":false},"author":1,"featured_media":0,"parent":0,"menu_order":0,"comment_status":"closed","ping_status":"closed","template":"","meta":{"footnotes":""},"class_list":["post-515","page","type-page","status-publish","hentry"],"_links":{"self":[{"href":"https:\/\/www.ifec-occitanie.fr\/index.php\/wp-json\/wp\/v2\/pages\/515","targetHints":{"allow":["GET"]}}],"collection":[{"href":"https:\/\/www.ifec-occitanie.fr\/index.php\/wp-json\/wp\/v2\/pages"}],"about":[{"href":"https:\/\/www.ifec-occitanie.fr\/index.php\/wp-json\/wp\/v2\/types\/page"}],"author":[{"embeddable":true,"href":"https:\/\/www.ifec-occitanie.fr\/index.php\/wp-json\/wp\/v2\/users\/1"}],"replies":[{"embeddable":true,"href":"https:\/\/www.ifec-occitanie.fr\/index.php\/wp-json\/wp\/v2\/comments?post=515"}],"version-history":[{"count":11,"href":"https:\/\/www.ifec-occitanie.fr\/index.php\/wp-json\/wp\/v2\/pages\/515\/revisions"}],"predecessor-version":[{"id":546,"href":"https:\/\/www.ifec-occitanie.fr\/index.php\/wp-json\/wp\/v2\/pages\/515\/revisions\/546"}],"wp:attachment":[{"href":"https:\/\/www.ifec-occitanie.fr\/index.php\/wp-json\/wp\/v2\/media?parent=515"}],"curies":[{"name":"wp","href":"https:\/\/api.w.org\/{rel}","templated":true}]}}