{"id":374,"date":"2016-09-19T14:47:08","date_gmt":"2016-09-19T12:47:08","guid":{"rendered":"http:\/\/demo.themefreesia.com\/event\/?page_id=2"},"modified":"2024-02-16T15:47:17","modified_gmt":"2024-02-16T14:47:17","slug":"a-propos","status":"publish","type":"page","link":"https:\/\/www.ifec-occitanie.fr\/index.php\/a-propos\/","title":{"rendered":"A propos de nous"},"content":{"rendered":"\n<div class=\"wp-block-columns is-layout-flex wp-container-core-columns-is-layout-9d6595d7 wp-block-columns-is-layout-flex\">\n<div class=\"wp-block-column is-layout-flow wp-block-column-is-layout-flow\">\n<p class=\"has-medium-font-size\"><strong>Bureau de l&rsquo;IFEC Toulouse Midi-Pyr\u00e9n\u00e9es :<\/strong><\/p>\n\n\n\n<ul class=\"wp-block-list\">\n<li><strong>Guillaume DITTMER :<\/strong> Pr\u00e9sident de la section IFEC Toulouse Midi-Pyr\u00e9n\u00e9es <\/li>\n<\/ul>\n\n\n\n<ul class=\"wp-block-list\">\n<li>Christian LAUBIN : Vice-Pr\u00e9sident <\/li>\n\n\n\n<li>Secr\u00e9taire : Lucie SAINT-MELLION<\/li>\n\n\n\n<li>Tr\u00e9sorier : Fran\u00e7ois-Xavier HOVASSE<\/li>\n<\/ul>\n<\/div>\n\n\n\n<div class=\"wp-block-column is-layout-flow wp-block-column-is-layout-flow\">\n<p class=\"has-medium-font-size\"><strong>Bureau de l&rsquo;IFEC Languedoc-Roussillon :<\/strong><\/p>\n\n\n\n<ul class=\"wp-block-list\">\n<li><strong>Marc SIRE :<\/strong> Pr\u00e9sident de la section IFEC Languedoc-Roussillon<\/li>\n<\/ul>\n\n\n\n<ul class=\"wp-block-list\">\n<li>Vice-Pr\u00e9sident : Thibault SUREL<\/li>\n\n\n\n<li>Secr\u00e9taire&nbsp;: Anne DIDERON<\/li>\n\n\n\n<li>Tr\u00e9sorier\u00a0: Gr\u00e9gory\u00a0SALVADOR<\/li>\n<\/ul>\n<\/div>\n<\/div>\n","protected":false},"excerpt":{"rendered":"<p>Bureau de l&rsquo;IFEC Toulouse Midi-Pyr\u00e9n\u00e9es : Bureau de l&rsquo;IFEC Languedoc-Roussillon :<\/p>\n","protected":false},"author":1,"featured_media":0,"parent":0,"menu_order":0,"comment_status":"closed","ping_status":"closed","template":"","meta":{"footnotes":""},"class_list":["post-374","page","type-page","status-publish","hentry"],"_links":{"self":[{"href":"https:\/\/www.ifec-occitanie.fr\/index.php\/wp-json\/wp\/v2\/pages\/374","targetHints":{"allow":["GET"]}}],"collection":[{"href":"https:\/\/www.ifec-occitanie.fr\/index.php\/wp-json\/wp\/v2\/pages"}],"about":[{"href":"https:\/\/www.ifec-occitanie.fr\/index.php\/wp-json\/wp\/v2\/types\/page"}],"author":[{"embeddable":true,"href":"https:\/\/www.ifec-occitanie.fr\/index.php\/wp-json\/wp\/v2\/users\/1"}],"replies":[{"embeddable":true,"href":"https:\/\/www.ifec-occitanie.fr\/index.php\/wp-json\/wp\/v2\/comments?post=374"}],"version-history":[{"count":18,"href":"https:\/\/www.ifec-occitanie.fr\/index.php\/wp-json\/wp\/v2\/pages\/374\/revisions"}],"predecessor-version":[{"id":1887,"href":"https:\/\/www.ifec-occitanie.fr\/index.php\/wp-json\/wp\/v2\/pages\/374\/revisions\/1887"}],"wp:attachment":[{"href":"https:\/\/www.ifec-occitanie.fr\/index.php\/wp-json\/wp\/v2\/media?parent=374"}],"curies":[{"name":"wp","href":"https:\/\/api.w.org\/{rel}","templated":true}]}}