{"id":2,"date":"2023-06-12T11:36:35","date_gmt":"2023-06-12T09:36:35","guid":{"rendered":"https:\/\/www.ifec-occitanie.fr\/?page_id=2"},"modified":"2024-02-16T15:46:55","modified_gmt":"2024-02-16T14:46:55","slug":"page-d-exemple","status":"publish","type":"page","link":"https:\/\/www.ifec-occitanie.fr\/index.php\/page-d-exemple\/","title":{"rendered":"L&rsquo;\u00e9quipe"},"content":{"rendered":"\t\t<div data-elementor-type=\"wp-page\" data-elementor-id=\"2\" class=\"elementor elementor-2\" data-elementor-post-type=\"page\">\n\t\t\t\t\t\t\t\t\t<section class=\"elementor-section elementor-top-section elementor-element elementor-element-7040140 elementor-section-boxed elementor-section-height-default elementor-section-height-default\" data-id=\"7040140\" data-element_type=\"section\">\n\t\t\t\t\t\t<div class=\"elementor-container elementor-column-gap-default\">\n\t\t\t\t\t<div class=\"elementor-column elementor-col-50 elementor-top-column elementor-element elementor-element-522179c\" data-id=\"522179c\" data-element_type=\"column\">\n\t\t\t<div class=\"elementor-widget-wrap elementor-element-populated\">\n\t\t\t\t\t\t\t\t<div class=\"elementor-element elementor-element-21b7256 elementor-position-top elementor-vertical-align-top elementor-widget elementor-widget-image-box\" data-id=\"21b7256\" data-element_type=\"widget\" data-widget_type=\"image-box.default\">\n\t\t\t\t<div class=\"elementor-widget-container\">\n\t\t\t<style>\/*! elementor - v3.14.0 - 26-06-2023 *\/\n.elementor-widget-image-box .elementor-image-box-content{width:100%}@media (min-width:768px){.elementor-widget-image-box.elementor-position-left .elementor-image-box-wrapper,.elementor-widget-image-box.elementor-position-right .elementor-image-box-wrapper{display:flex}.elementor-widget-image-box.elementor-position-right .elementor-image-box-wrapper{text-align:right;flex-direction:row-reverse}.elementor-widget-image-box.elementor-position-left .elementor-image-box-wrapper{text-align:left;flex-direction:row}.elementor-widget-image-box.elementor-position-top .elementor-image-box-img{margin:auto}.elementor-widget-image-box.elementor-vertical-align-top .elementor-image-box-wrapper{align-items:flex-start}.elementor-widget-image-box.elementor-vertical-align-middle .elementor-image-box-wrapper{align-items:center}.elementor-widget-image-box.elementor-vertical-align-bottom .elementor-image-box-wrapper{align-items:flex-end}}@media (max-width:767px){.elementor-widget-image-box .elementor-image-box-img{margin-left:auto!important;margin-right:auto!important;margin-bottom:15px}}.elementor-widget-image-box .elementor-image-box-img{display:inline-block}.elementor-widget-image-box .elementor-image-box-title a{color:inherit}.elementor-widget-image-box .elementor-image-box-wrapper{text-align:center}.elementor-widget-image-box .elementor-image-box-description{margin:0}<\/style><div class=\"elementor-image-box-wrapper\"><figure class=\"elementor-image-box-img\"><img loading=\"lazy\" decoding=\"async\" width=\"790\" height=\"790\" src=\"https:\/\/www.ifec-occitanie.fr\/wp-content\/uploads\/2024\/02\/Guillaume-DITTMER-V2.jpg\" class=\"attachment-large size-large wp-image-1773\" alt=\"\" srcset=\"https:\/\/www.ifec-occitanie.fr\/wp-content\/uploads\/2024\/02\/Guillaume-DITTMER-V2.jpg 800w, https:\/\/www.ifec-occitanie.fr\/wp-content\/uploads\/2024\/02\/Guillaume-DITTMER-V2-300x300.jpg 300w, https:\/\/www.ifec-occitanie.fr\/wp-content\/uploads\/2024\/02\/Guillaume-DITTMER-V2-150x150.jpg 150w, https:\/\/www.ifec-occitanie.fr\/wp-content\/uploads\/2024\/02\/Guillaume-DITTMER-V2-768x768.jpg 768w\" sizes=\"auto, (max-width: 790px) 100vw, 790px\" \/><\/figure><div class=\"elementor-image-box-content\"><h3 class=\"elementor-image-box-title\">Guillaume DITTMER<\/h3><p class=\"elementor-image-box-description\"><b>PR\u00c9SIDENT IFEC TOULOUSE MIDI-PYR\u00c9N\u00c9ES<\/b><\/p><\/div><\/div>\t\t<\/div>\n\t\t\t\t<\/div>\n\t\t\t\t<div class=\"elementor-element elementor-element-4e81e88 elementor-position-top elementor-vertical-align-top elementor-widget elementor-widget-image-box\" data-id=\"4e81e88\" data-element_type=\"widget\" data-widget_type=\"image-box.default\">\n\t\t\t\t<div class=\"elementor-widget-container\">\n\t\t\t<div class=\"elementor-image-box-wrapper\"><figure class=\"elementor-image-box-img\"><img loading=\"lazy\" decoding=\"async\" width=\"790\" height=\"790\" src=\"https:\/\/www.ifec-occitanie.fr\/wp-content\/uploads\/2024\/02\/Christian-LAUBIN.jpeg\" class=\"attachment-large size-large wp-image-1601\" alt=\"\" srcset=\"https:\/\/www.ifec-occitanie.fr\/wp-content\/uploads\/2024\/02\/Christian-LAUBIN.jpeg 800w, https:\/\/www.ifec-occitanie.fr\/wp-content\/uploads\/2024\/02\/Christian-LAUBIN-300x300.jpeg 300w, https:\/\/www.ifec-occitanie.fr\/wp-content\/uploads\/2024\/02\/Christian-LAUBIN-150x150.jpeg 150w, https:\/\/www.ifec-occitanie.fr\/wp-content\/uploads\/2024\/02\/Christian-LAUBIN-768x768.jpeg 768w\" sizes=\"auto, (max-width: 790px) 100vw, 790px\" \/><\/figure><div class=\"elementor-image-box-content\"><h3 class=\"elementor-image-box-title\">Christian LAUBIN<\/h3><p class=\"elementor-image-box-description\">Vice-Pr\u00e9sident<\/p><\/div><\/div>\t\t<\/div>\n\t\t\t\t<\/div>\n\t\t\t\t<div class=\"elementor-element elementor-element-41087a7 elementor-position-top elementor-vertical-align-top elementor-widget elementor-widget-image-box\" data-id=\"41087a7\" data-element_type=\"widget\" data-widget_type=\"image-box.default\">\n\t\t\t\t<div class=\"elementor-widget-container\">\n\t\t\t<div class=\"elementor-image-box-wrapper\"><figure class=\"elementor-image-box-img\"><img loading=\"lazy\" decoding=\"async\" width=\"790\" height=\"790\" src=\"https:\/\/www.ifec-occitanie.fr\/wp-content\/uploads\/2024\/02\/Lucie-Saint-Mellion-IFEC-Toulouse-MP.jpg\" class=\"attachment-large size-large wp-image-1604\" alt=\"\" srcset=\"https:\/\/www.ifec-occitanie.fr\/wp-content\/uploads\/2024\/02\/Lucie-Saint-Mellion-IFEC-Toulouse-MP.jpg 800w, https:\/\/www.ifec-occitanie.fr\/wp-content\/uploads\/2024\/02\/Lucie-Saint-Mellion-IFEC-Toulouse-MP-300x300.jpg 300w, https:\/\/www.ifec-occitanie.fr\/wp-content\/uploads\/2024\/02\/Lucie-Saint-Mellion-IFEC-Toulouse-MP-150x150.jpg 150w, https:\/\/www.ifec-occitanie.fr\/wp-content\/uploads\/2024\/02\/Lucie-Saint-Mellion-IFEC-Toulouse-MP-768x768.jpg 768w\" sizes=\"auto, (max-width: 790px) 100vw, 790px\" \/><\/figure><div class=\"elementor-image-box-content\"><h3 class=\"elementor-image-box-title\">Lucie SAINT-MELLION<\/h3><p class=\"elementor-image-box-description\">Secr\u00e9taire<\/p><\/div><\/div>\t\t<\/div>\n\t\t\t\t<\/div>\n\t\t\t\t<div class=\"elementor-element elementor-element-aa92823 elementor-position-top elementor-vertical-align-top elementor-widget elementor-widget-image-box\" data-id=\"aa92823\" data-element_type=\"widget\" data-widget_type=\"image-box.default\">\n\t\t\t\t<div class=\"elementor-widget-container\">\n\t\t\t<div class=\"elementor-image-box-wrapper\"><figure class=\"elementor-image-box-img\"><img loading=\"lazy\" decoding=\"async\" width=\"300\" height=\"300\" src=\"https:\/\/www.ifec-occitanie.fr\/wp-content\/uploads\/2024\/02\/Francois-Xavier-HOVASSE-2-300x300.jpg\" class=\"attachment-medium size-medium wp-image-1767\" alt=\"\" srcset=\"https:\/\/www.ifec-occitanie.fr\/wp-content\/uploads\/2024\/02\/Francois-Xavier-HOVASSE-2-300x300.jpg 300w, https:\/\/www.ifec-occitanie.fr\/wp-content\/uploads\/2024\/02\/Francois-Xavier-HOVASSE-2-150x150.jpg 150w, https:\/\/www.ifec-occitanie.fr\/wp-content\/uploads\/2024\/02\/Francois-Xavier-HOVASSE-2.jpg 400w\" sizes=\"auto, (max-width: 300px) 100vw, 300px\" \/><\/figure><div class=\"elementor-image-box-content\"><h3 class=\"elementor-image-box-title\">Fran\u00e7ois-Xavier HOVASSE<\/h3><p class=\"elementor-image-box-description\">Tr\u00e9sorier<\/p><\/div><\/div>\t\t<\/div>\n\t\t\t\t<\/div>\n\t\t\t\t\t<\/div>\n\t\t<\/div>\n\t\t\t\t<div class=\"elementor-column elementor-col-50 elementor-top-column elementor-element elementor-element-ede3bde\" data-id=\"ede3bde\" data-element_type=\"column\">\n\t\t\t<div class=\"elementor-widget-wrap elementor-element-populated\">\n\t\t\t\t\t\t\t\t<div class=\"elementor-element elementor-element-5ddb890 elementor-position-top elementor-vertical-align-top elementor-widget elementor-widget-image-box\" data-id=\"5ddb890\" data-element_type=\"widget\" data-widget_type=\"image-box.default\">\n\t\t\t\t<div class=\"elementor-widget-container\">\n\t\t\t<div class=\"elementor-image-box-wrapper\"><figure class=\"elementor-image-box-img\"><img loading=\"lazy\" decoding=\"async\" width=\"1707\" height=\"2560\" src=\"https:\/\/www.ifec-occitanie.fr\/wp-content\/uploads\/2024\/02\/Marc-SIRE-scaled.jpg\" class=\"attachment-full size-full wp-image-1592\" alt=\"\" srcset=\"https:\/\/www.ifec-occitanie.fr\/wp-content\/uploads\/2024\/02\/Marc-SIRE-scaled.jpg 1707w, https:\/\/www.ifec-occitanie.fr\/wp-content\/uploads\/2024\/02\/Marc-SIRE-200x300.jpg 200w, https:\/\/www.ifec-occitanie.fr\/wp-content\/uploads\/2024\/02\/Marc-SIRE-683x1024.jpg 683w, https:\/\/www.ifec-occitanie.fr\/wp-content\/uploads\/2024\/02\/Marc-SIRE-768x1152.jpg 768w, https:\/\/www.ifec-occitanie.fr\/wp-content\/uploads\/2024\/02\/Marc-SIRE-1024x1536.jpg 1024w, https:\/\/www.ifec-occitanie.fr\/wp-content\/uploads\/2024\/02\/Marc-SIRE-1365x2048.jpg 1365w\" sizes=\"auto, (max-width: 1707px) 100vw, 1707px\" \/><\/figure><div class=\"elementor-image-box-content\"><h3 class=\"elementor-image-box-title\">Marc SIRE<\/h3><p class=\"elementor-image-box-description\"><b><span style=\"font-family: Roboto, sans-serif; font-size: 15px; font-style: normal;\">PR\u00c9SIDENT IFEC LANGUEDOC-ROUSSILLON<\/span><span style=\"font-family: Roboto, sans-serif; font-size: 15px; font-style: normal;\"><\/span><\/b><\/p><\/div><\/div>\t\t<\/div>\n\t\t\t\t<\/div>\n\t\t\t\t<div class=\"elementor-element elementor-element-b719eca elementor-position-top elementor-vertical-align-top elementor-widget elementor-widget-image-box\" data-id=\"b719eca\" data-element_type=\"widget\" data-widget_type=\"image-box.default\">\n\t\t\t\t<div class=\"elementor-widget-container\">\n\t\t\t<div class=\"elementor-image-box-wrapper\"><figure class=\"elementor-image-box-img\"><img loading=\"lazy\" decoding=\"async\" width=\"300\" height=\"300\" src=\"https:\/\/www.ifec-occitanie.fr\/wp-content\/uploads\/2024\/02\/Thibault-SUREL.jpg\" class=\"attachment-medium size-medium wp-image-1690\" alt=\"\" srcset=\"https:\/\/www.ifec-occitanie.fr\/wp-content\/uploads\/2024\/02\/Thibault-SUREL.jpg 300w, https:\/\/www.ifec-occitanie.fr\/wp-content\/uploads\/2024\/02\/Thibault-SUREL-150x150.jpg 150w\" sizes=\"auto, (max-width: 300px) 100vw, 300px\" \/><\/figure><div class=\"elementor-image-box-content\"><h3 class=\"elementor-image-box-title\">Thibault SUREL <\/h3><p class=\"elementor-image-box-description\">Vice-Pr\u00e9sident<\/p><\/div><\/div>\t\t<\/div>\n\t\t\t\t<\/div>\n\t\t\t\t<div class=\"elementor-element elementor-element-0efc66b elementor-position-top elementor-vertical-align-top elementor-widget elementor-widget-image-box\" data-id=\"0efc66b\" data-element_type=\"widget\" data-widget_type=\"image-box.default\">\n\t\t\t\t<div class=\"elementor-widget-container\">\n\t\t\t<div class=\"elementor-image-box-wrapper\"><figure class=\"elementor-image-box-img\"><img loading=\"lazy\" decoding=\"async\" width=\"600\" height=\"600\" src=\"https:\/\/www.ifec-occitanie.fr\/wp-content\/uploads\/2024\/02\/Anne-DIDERON.jpg\" class=\"attachment-full size-full wp-image-1688\" alt=\"\" srcset=\"https:\/\/www.ifec-occitanie.fr\/wp-content\/uploads\/2024\/02\/Anne-DIDERON.jpg 600w, https:\/\/www.ifec-occitanie.fr\/wp-content\/uploads\/2024\/02\/Anne-DIDERON-300x300.jpg 300w, https:\/\/www.ifec-occitanie.fr\/wp-content\/uploads\/2024\/02\/Anne-DIDERON-150x150.jpg 150w\" sizes=\"auto, (max-width: 600px) 100vw, 600px\" \/><\/figure><div class=\"elementor-image-box-content\"><h3 class=\"elementor-image-box-title\">Anne DIDERON<\/h3><p class=\"elementor-image-box-description\">Secr\u00e9taire<\/p><\/div><\/div>\t\t<\/div>\n\t\t\t\t<\/div>\n\t\t\t\t<div class=\"elementor-element elementor-element-37286b5 elementor-position-top elementor-vertical-align-top elementor-widget elementor-widget-image-box\" data-id=\"37286b5\" data-element_type=\"widget\" data-widget_type=\"image-box.default\">\n\t\t\t\t<div class=\"elementor-widget-container\">\n\t\t\t<div class=\"elementor-image-box-wrapper\"><figure class=\"elementor-image-box-img\"><img loading=\"lazy\" decoding=\"async\" width=\"768\" height=\"768\" src=\"https:\/\/www.ifec-occitanie.fr\/wp-content\/uploads\/2024\/02\/GREGORY-SALVADOR-768x768.jpg\" class=\"attachment-medium_large size-medium_large wp-image-1689\" alt=\"\" srcset=\"https:\/\/www.ifec-occitanie.fr\/wp-content\/uploads\/2024\/02\/GREGORY-SALVADOR-768x768.jpg 768w, https:\/\/www.ifec-occitanie.fr\/wp-content\/uploads\/2024\/02\/GREGORY-SALVADOR-300x300.jpg 300w, https:\/\/www.ifec-occitanie.fr\/wp-content\/uploads\/2024\/02\/GREGORY-SALVADOR-150x150.jpg 150w, https:\/\/www.ifec-occitanie.fr\/wp-content\/uploads\/2024\/02\/GREGORY-SALVADOR.jpg 800w\" sizes=\"auto, (max-width: 768px) 100vw, 768px\" \/><\/figure><div class=\"elementor-image-box-content\"><h3 class=\"elementor-image-box-title\">Gr\u00e9gory SALVADOR<\/h3><p class=\"elementor-image-box-description\">Tr\u00e9sorier<\/p><\/div><\/div>\t\t<\/div>\n\t\t\t\t<\/div>\n\t\t\t\t\t<\/div>\n\t\t<\/div>\n\t\t\t\t\t\t\t<\/div>\n\t\t<\/section>\n\t\t\t\t\t\t\t<\/div>\n\t\t","protected":false},"excerpt":{"rendered":"<p>Guillaume DITTMER PR\u00c9SIDENT IFEC TOULOUSE MIDI-PYR\u00c9N\u00c9ES Christian LAUBIN Vice-Pr\u00e9sident Lucie SAINT-MELLION Secr\u00e9taire Fran\u00e7ois-Xavier HOVASSE Tr\u00e9sorier Marc SIRE PR\u00c9SIDENT IFEC LANGUEDOC-ROUSSILLON&hellip; <\/p>\n","protected":false},"author":1,"featured_media":0,"parent":0,"menu_order":0,"comment_status":"closed","ping_status":"open","template":"","meta":{"footnotes":""},"class_list":["post-2","page","type-page","status-publish","hentry"],"_links":{"self":[{"href":"https:\/\/www.ifec-occitanie.fr\/index.php\/wp-json\/wp\/v2\/pages\/2","targetHints":{"allow":["GET"]}}],"collection":[{"href":"https:\/\/www.ifec-occitanie.fr\/index.php\/wp-json\/wp\/v2\/pages"}],"about":[{"href":"https:\/\/www.ifec-occitanie.fr\/index.php\/wp-json\/wp\/v2\/types\/page"}],"author":[{"embeddable":true,"href":"https:\/\/www.ifec-occitanie.fr\/index.php\/wp-json\/wp\/v2\/users\/1"}],"replies":[{"embeddable":true,"href":"https:\/\/www.ifec-occitanie.fr\/index.php\/wp-json\/wp\/v2\/comments?post=2"}],"version-history":[{"count":317,"href":"https:\/\/www.ifec-occitanie.fr\/index.php\/wp-json\/wp\/v2\/pages\/2\/revisions"}],"predecessor-version":[{"id":1886,"href":"https:\/\/www.ifec-occitanie.fr\/index.php\/wp-json\/wp\/v2\/pages\/2\/revisions\/1886"}],"wp:attachment":[{"href":"https:\/\/www.ifec-occitanie.fr\/index.php\/wp-json\/wp\/v2\/media?parent=2"}],"curies":[{"name":"wp","href":"https:\/\/api.w.org\/{rel}","templated":true}]}}